{"id":7809,"date":"2018-04-24T13:38:11","date_gmt":"2018-04-24T11:38:11","guid":{"rendered":"http:\/\/www.mantano.com\/fr\/?page_id=7809"},"modified":"2018-04-30T15:59:22","modified_gmt":"2018-04-30T13:59:22","slug":"multichannel-ebooks-distribution","status":"publish","type":"page","link":"https:\/\/mantano.com\/fr\/multichannel-ebooks-distribution\/","title":{"rendered":"Distribution Multicanal de Livres Num\u00e9riques"},"content":{"rendered":"<p>The global and modular chain from your ONIX catalog to the end-users reading apps.<\/p>\n<h1><img loading=\"lazy\" decoding=\"async\" class=\"alignnone size-full wp-image-7790\" src=\"http:\/\/www.mantano.com\/wp-content\/uploads\/2018\/04\/distribution_sheme-1.png\" alt=\"\" width=\"1011\" height=\"598\" srcset=\"https:\/\/mantano.com\/wp-content\/uploads\/2018\/04\/distribution_sheme-1.png 1011w, https:\/\/mantano.com\/wp-content\/uploads\/2018\/04\/distribution_sheme-1-300x177.png 300w, https:\/\/mantano.com\/wp-content\/uploads\/2018\/04\/distribution_sheme-1-768x454.png 768w\" sizes=\"auto, (max-width: 1011px) 100vw, 1011px\" \/><\/h1>\n<h1>Vendez vos livres sur le store Bookari<\/h1>\n<p>Diffuser et vendre vos livres sur notre propre store Bookari est tr\u00e8s simple:<\/p>\n<ul>\n<li>Vous configurez un serveur FTP sur lequel vous chargez p\u00e9riodiquement les mises \u00e0 jour de votre catalogue, au format ONIX<\/li>\n<li>Our platform scans this FTP server and updates its internal database to reflect your catalog updates<\/li>\n<li>Your books are integrated into our general catalog<\/li>\n<\/ul>\n<h2>Prot\u00e9gez-les \u00e0 l&rsquo;aide de la DRM LCP<\/h2>\n<p>Mantano est l&rsquo;un des d\u00e9veloppeurs de la technologie LCP. Non seulement nos applications de lecture sont compatibles avec elle, mais nous offrons \u00e9galement un service DRM qui vous permet de prot\u00e9ger vos livres \u00e9lectroniques avec ce nouveau DRM qui \u00e9merge rapidement.<\/p>\n<h2>Cr\u00e9ez votre propre store \u00e0 vos couleurs<\/h2>\n<p>Vous pouvez \u00e9galement vendre vos ouvrages \u00e0 travers un magasin en ligne qui vous est propre, bas\u00e9 sur Bookari Store. Il ne contiendra que votre propre catalogue mais \u00e9galement sera \u00e0 vos couleurs.<\/p>\n<h1>Vendez \u00e0 travers les applications Bookari Reader<\/h1>\n<p>Notre infrastructure de magasin rend votre catalogue \u00e9galement disponible directement dans vos applications en marque blanche.<\/p>\n<h1>Suivez l&rsquo;\u00e9volution de vos ventes<\/h1>\n","protected":false},"excerpt":{"rendered":"<p>The global and modular chain from your ONIX catalog to the end-users reading apps. Vendez vos livres sur le store Bookari Diffuser et vendre vos livres sur notre propre store Bookari est tr\u00e8s simple: Vous configurez un serveur FTP sur lequel vous chargez p\u00e9riodiquement les mises \u00e0 jour de votre catalogue, au format ONIX Our&hellip;<\/p>\n","protected":false},"author":3,"featured_media":0,"parent":0,"menu_order":0,"comment_status":"open","ping_status":"closed","template":"","meta":{"inline_featured_image":false,"footnotes":""},"class_list":["post-7809","page","type-page","status-publish","hentry","entry","no-media"],"yoast_head":"<!-- This site is optimized with the Yoast SEO plugin v27.4 - https:\/\/yoast.com\/product\/yoast-seo-wordpress\/ -->\n<title>Mantano | Experts en d\u00e9veloppement d&#039;applications mobiles Android, iOS et Fushia OS<\/title>\n<meta name=\"robots\" content=\"index, follow, max-snippet:-1, max-image-preview:large, max-video-preview:-1\" \/>\n<link rel=\"canonical\" href=\"https:\/\/mantano.com\/fr\/multichannel-ebooks-distribution\/\" \/>\n<meta name=\"twitter:label1\" content=\"Dur\u00e9e de lecture estim\u00e9e\" \/>\n\t<meta name=\"twitter:data1\" content=\"1 minute\" \/>\n<script type=\"application\/ld+json\" class=\"yoast-schema-graph\">{\"@context\":\"https:\\\/\\\/schema.org\",\"@graph\":[{\"@type\":\"WebPage\",\"@id\":\"https:\\\/\\\/mantano.com\\\/fr\\\/multichannel-ebooks-distribution\\\/\",\"url\":\"https:\\\/\\\/mantano.com\\\/fr\\\/multichannel-ebooks-distribution\\\/\",\"name\":\"Mantano | Experts en d\u00e9veloppement d'applications mobiles Android, iOS et Fushia OS\",\"isPartOf\":{\"@id\":\"https:\\\/\\\/mantano.com\\\/#website\"},\"primaryImageOfPage\":{\"@id\":\"https:\\\/\\\/mantano.com\\\/fr\\\/multichannel-ebooks-distribution\\\/#primaryimage\"},\"image\":{\"@id\":\"https:\\\/\\\/mantano.com\\\/fr\\\/multichannel-ebooks-distribution\\\/#primaryimage\"},\"thumbnailUrl\":\"http:\\\/\\\/www.mantano.com\\\/wp-content\\\/uploads\\\/2018\\\/04\\\/distribution_sheme-1.png\",\"datePublished\":\"2018-04-24T11:38:11+00:00\",\"dateModified\":\"2018-04-30T13:59:22+00:00\",\"breadcrumb\":{\"@id\":\"https:\\\/\\\/mantano.com\\\/fr\\\/multichannel-ebooks-distribution\\\/#breadcrumb\"},\"inLanguage\":\"fr-FR\",\"potentialAction\":[{\"@type\":\"ReadAction\",\"target\":[\"https:\\\/\\\/mantano.com\\\/fr\\\/multichannel-ebooks-distribution\\\/\"]}]},{\"@type\":\"ImageObject\",\"inLanguage\":\"fr-FR\",\"@id\":\"https:\\\/\\\/mantano.com\\\/fr\\\/multichannel-ebooks-distribution\\\/#primaryimage\",\"url\":\"http:\\\/\\\/www.mantano.com\\\/wp-content\\\/uploads\\\/2018\\\/04\\\/distribution_sheme-1.png\",\"contentUrl\":\"http:\\\/\\\/www.mantano.com\\\/wp-content\\\/uploads\\\/2018\\\/04\\\/distribution_sheme-1.png\"},{\"@type\":\"BreadcrumbList\",\"@id\":\"https:\\\/\\\/mantano.com\\\/fr\\\/multichannel-ebooks-distribution\\\/#breadcrumb\",\"itemListElement\":[{\"@type\":\"ListItem\",\"position\":1,\"name\":\"Home\",\"item\":\"https:\\\/\\\/mantano.com\\\/fr\\\/\"},{\"@type\":\"ListItem\",\"position\":2,\"name\":\"Distribution Multicanal de Livres Num\u00e9riques\"}]},{\"@type\":\"WebSite\",\"@id\":\"https:\\\/\\\/mantano.com\\\/#website\",\"url\":\"https:\\\/\\\/mantano.com\\\/\",\"name\":\"Holiwave\",\"description\":\"\",\"publisher\":{\"@id\":\"https:\\\/\\\/mantano.com\\\/#organization\"},\"potentialAction\":[{\"@type\":\"SearchAction\",\"target\":{\"@type\":\"EntryPoint\",\"urlTemplate\":\"https:\\\/\\\/mantano.com\\\/?s={search_term_string}\"},\"query-input\":{\"@type\":\"PropertyValueSpecification\",\"valueRequired\":true,\"valueName\":\"search_term_string\"}}],\"inLanguage\":\"fr-FR\"},{\"@type\":\"Organization\",\"@id\":\"https:\\\/\\\/mantano.com\\\/#organization\",\"name\":\"Mantano\",\"url\":\"https:\\\/\\\/mantano.com\\\/\",\"logo\":{\"@type\":\"ImageObject\",\"inLanguage\":\"fr-FR\",\"@id\":\"https:\\\/\\\/mantano.com\\\/#\\\/schema\\\/logo\\\/image\\\/\",\"url\":\"https:\\\/\\\/mantano.com\\\/wp-content\\\/uploads\\\/2019\\\/04\\\/logo_fnoir_hd.png\",\"contentUrl\":\"https:\\\/\\\/mantano.com\\\/wp-content\\\/uploads\\\/2019\\\/04\\\/logo_fnoir_hd.png\",\"width\":2480,\"height\":1292,\"caption\":\"Mantano\"},\"image\":{\"@id\":\"https:\\\/\\\/mantano.com\\\/#\\\/schema\\\/logo\\\/image\\\/\"},\"sameAs\":[\"https:\\\/\\\/www.facebook.com\\\/mantanoresearch\"]}]}<\/script>\n<!-- \/ Yoast SEO plugin. -->","yoast_head_json":{"title":"Mantano | Experts en d\u00e9veloppement d'applications mobiles Android, iOS et Fushia OS","robots":{"index":"index","follow":"follow","max-snippet":"max-snippet:-1","max-image-preview":"max-image-preview:large","max-video-preview":"max-video-preview:-1"},"canonical":"https:\/\/mantano.com\/fr\/multichannel-ebooks-distribution\/","twitter_misc":{"Dur\u00e9e de lecture estim\u00e9e":"1 minute"},"schema":{"@context":"https:\/\/schema.org","@graph":[{"@type":"WebPage","@id":"https:\/\/mantano.com\/fr\/multichannel-ebooks-distribution\/","url":"https:\/\/mantano.com\/fr\/multichannel-ebooks-distribution\/","name":"Mantano | Experts en d\u00e9veloppement d'applications mobiles Android, iOS et Fushia OS","isPartOf":{"@id":"https:\/\/mantano.com\/#website"},"primaryImageOfPage":{"@id":"https:\/\/mantano.com\/fr\/multichannel-ebooks-distribution\/#primaryimage"},"image":{"@id":"https:\/\/mantano.com\/fr\/multichannel-ebooks-distribution\/#primaryimage"},"thumbnailUrl":"http:\/\/www.mantano.com\/wp-content\/uploads\/2018\/04\/distribution_sheme-1.png","datePublished":"2018-04-24T11:38:11+00:00","dateModified":"2018-04-30T13:59:22+00:00","breadcrumb":{"@id":"https:\/\/mantano.com\/fr\/multichannel-ebooks-distribution\/#breadcrumb"},"inLanguage":"fr-FR","potentialAction":[{"@type":"ReadAction","target":["https:\/\/mantano.com\/fr\/multichannel-ebooks-distribution\/"]}]},{"@type":"ImageObject","inLanguage":"fr-FR","@id":"https:\/\/mantano.com\/fr\/multichannel-ebooks-distribution\/#primaryimage","url":"http:\/\/www.mantano.com\/wp-content\/uploads\/2018\/04\/distribution_sheme-1.png","contentUrl":"http:\/\/www.mantano.com\/wp-content\/uploads\/2018\/04\/distribution_sheme-1.png"},{"@type":"BreadcrumbList","@id":"https:\/\/mantano.com\/fr\/multichannel-ebooks-distribution\/#breadcrumb","itemListElement":[{"@type":"ListItem","position":1,"name":"Home","item":"https:\/\/mantano.com\/fr\/"},{"@type":"ListItem","position":2,"name":"Distribution Multicanal de Livres Num\u00e9riques"}]},{"@type":"WebSite","@id":"https:\/\/mantano.com\/#website","url":"https:\/\/mantano.com\/","name":"Holiwave","description":"","publisher":{"@id":"https:\/\/mantano.com\/#organization"},"potentialAction":[{"@type":"SearchAction","target":{"@type":"EntryPoint","urlTemplate":"https:\/\/mantano.com\/?s={search_term_string}"},"query-input":{"@type":"PropertyValueSpecification","valueRequired":true,"valueName":"search_term_string"}}],"inLanguage":"fr-FR"},{"@type":"Organization","@id":"https:\/\/mantano.com\/#organization","name":"Mantano","url":"https:\/\/mantano.com\/","logo":{"@type":"ImageObject","inLanguage":"fr-FR","@id":"https:\/\/mantano.com\/#\/schema\/logo\/image\/","url":"https:\/\/mantano.com\/wp-content\/uploads\/2019\/04\/logo_fnoir_hd.png","contentUrl":"https:\/\/mantano.com\/wp-content\/uploads\/2019\/04\/logo_fnoir_hd.png","width":2480,"height":1292,"caption":"Mantano"},"image":{"@id":"https:\/\/mantano.com\/#\/schema\/logo\/image\/"},"sameAs":["https:\/\/www.facebook.com\/mantanoresearch"]}]}},"_links":{"self":[{"href":"https:\/\/mantano.com\/fr\/wp-json\/wp\/v2\/pages\/7809","targetHints":{"allow":["GET"]}}],"collection":[{"href":"https:\/\/mantano.com\/fr\/wp-json\/wp\/v2\/pages"}],"about":[{"href":"https:\/\/mantano.com\/fr\/wp-json\/wp\/v2\/types\/page"}],"author":[{"embeddable":true,"href":"https:\/\/mantano.com\/fr\/wp-json\/wp\/v2\/users\/3"}],"replies":[{"embeddable":true,"href":"https:\/\/mantano.com\/fr\/wp-json\/wp\/v2\/comments?post=7809"}],"version-history":[{"count":6,"href":"https:\/\/mantano.com\/fr\/wp-json\/wp\/v2\/pages\/7809\/revisions"}],"predecessor-version":[{"id":7905,"href":"https:\/\/mantano.com\/fr\/wp-json\/wp\/v2\/pages\/7809\/revisions\/7905"}],"wp:attachment":[{"href":"https:\/\/mantano.com\/fr\/wp-json\/wp\/v2\/media?parent=7809"}],"curies":[{"name":"wp","href":"https:\/\/api.w.org\/{rel}","templated":true}]}}