{"id":7812,"date":"2018-04-24T13:38:46","date_gmt":"2018-04-24T11:38:46","guid":{"rendered":"http:\/\/www.mantano.com\/fr\/?page_id=7812"},"modified":"2018-04-30T15:15:16","modified_gmt":"2018-04-30T13:15:16","slug":"whitelabel-reading-applications","status":"publish","type":"page","link":"https:\/\/mantano.com\/fr\/whitelabel-reading-applications\/","title":{"rendered":"Applications de lecture en marque blanche"},"content":{"rendered":"<p>Une application de lecture en marque blanche bas\u00e9e sur notre Bookari Reader peut vous aider \u00e0 \u00e9largir votre audience, augmenter vos ventes de livres et diffuser votre marque en fournissant un outil de lecture et d&rsquo;annotation de premier ordre. Hautement personnalisable, Bookari peut \u00eatre adapt\u00e9 \u00e0 votre strat\u00e9gie marketing.<\/p>\n<h2>Valeur ajout\u00e9e<\/h2>\n<ul>\n<li>Une exp\u00e9rience de lecture en douceur avec des performances in\u00e9gal\u00e9es<\/li>\n<li>Un ensemble de fonctionnalit\u00e9s bien d\u00e9finies, \u00e0 la fois puissantes et faciles \u00e0 utiliser<\/li>\n<li>Fonctions puissantes d&rsquo;annotation et prise de notes<\/li>\n<li>Ind\u00e9pendante de toute librairie (sauf la v\u00f4tre&#8230;)<\/li>\n<li>Synchronisation entre appareils d&rsquo;un m\u00eame utilisateur possible avec service en option *<\/li>\n<li>Nombreuses fonctionnalit\u00e9s d&rsquo;organisation des livres et notes *<\/li>\n<li>Possibiit\u00e9 de cr\u00e9er des fiches de synth\u00e8se \u00e0 l&rsquo;aide des notes apport\u00e9es \u00e0 plusieurs livres *<\/li>\n<\/ul>\n<p>Une comparaison de nos versions Free Premium est disponible sur :\u00a0<a href=\"http:\/\/www.bookari.com\/fr\/book-reader-editions-comparisons\/\"><strong>http:\/\/www.bookari.com\/fr\/book-reader-editions-comparisons\/<\/strong><\/a>\u00a0Votre propre application en marque blanche pourra bien s\u00fbr contenir une s\u00e9lection de fonctionnalit\u00e9s diff\u00e9rentes, sp\u00e9cifiquement choisie par vous-m\u00eames.<\/p>\n<h2>Branding<\/h2>\n<p>Nos applications Bookari peuvent bien s\u00fbr \u00eatre personnalis\u00e9es pour s&rsquo;int\u00e9grer au mieux dans l&rsquo;identit\u00e9 graphique de cotre soci\u00e9t\u00e9.<\/p>\n<p>&nbsp;<\/p>\n<p><a href=\"#_ftnref3\" name=\"_ftn3\"><\/a><\/p>\n","protected":false},"excerpt":{"rendered":"<p>Une application de lecture en marque blanche bas\u00e9e sur notre Bookari Reader peut vous aider \u00e0 \u00e9largir votre audience, augmenter vos ventes de livres et diffuser votre marque en fournissant un outil de lecture et d&rsquo;annotation de premier ordre. Hautement personnalisable, Bookari peut \u00eatre adapt\u00e9 \u00e0 votre strat\u00e9gie marketing. Valeur ajout\u00e9e Une exp\u00e9rience de lecture&hellip;<\/p>\n","protected":false},"author":3,"featured_media":0,"parent":0,"menu_order":0,"comment_status":"open","ping_status":"open","template":"","meta":{"inline_featured_image":false,"footnotes":""},"class_list":["post-7812","page","type-page","status-publish","hentry","entry","no-media"],"yoast_head":"<!-- This site is optimized with the Yoast SEO plugin v27.4 - https:\/\/yoast.com\/product\/yoast-seo-wordpress\/ -->\n<title>Mantano | Experts en D\u00e9veloppement d&#039;Applications Mobiles Fushia OS, Android, iOS<\/title>\n<meta name=\"robots\" content=\"index, follow, max-snippet:-1, max-image-preview:large, max-video-preview:-1\" \/>\n<link rel=\"canonical\" href=\"https:\/\/mantano.com\/fr\/whitelabel-reading-applications\/\" \/>\n<meta name=\"twitter:label1\" content=\"Dur\u00e9e de lecture estim\u00e9e\" \/>\n\t<meta name=\"twitter:data1\" content=\"1 minute\" \/>\n<script type=\"application\/ld+json\" class=\"yoast-schema-graph\">{\"@context\":\"https:\\\/\\\/schema.org\",\"@graph\":[{\"@type\":\"WebPage\",\"@id\":\"https:\\\/\\\/mantano.com\\\/fr\\\/whitelabel-reading-applications\\\/\",\"url\":\"https:\\\/\\\/mantano.com\\\/fr\\\/whitelabel-reading-applications\\\/\",\"name\":\"Mantano | Experts en D\u00e9veloppement d'Applications Mobiles Fushia OS, Android, iOS\",\"isPartOf\":{\"@id\":\"https:\\\/\\\/mantano.com\\\/#website\"},\"datePublished\":\"2018-04-24T11:38:46+00:00\",\"dateModified\":\"2018-04-30T13:15:16+00:00\",\"breadcrumb\":{\"@id\":\"https:\\\/\\\/mantano.com\\\/fr\\\/whitelabel-reading-applications\\\/#breadcrumb\"},\"inLanguage\":\"fr-FR\",\"potentialAction\":[{\"@type\":\"ReadAction\",\"target\":[\"https:\\\/\\\/mantano.com\\\/fr\\\/whitelabel-reading-applications\\\/\"]}]},{\"@type\":\"BreadcrumbList\",\"@id\":\"https:\\\/\\\/mantano.com\\\/fr\\\/whitelabel-reading-applications\\\/#breadcrumb\",\"itemListElement\":[{\"@type\":\"ListItem\",\"position\":1,\"name\":\"Home\",\"item\":\"https:\\\/\\\/mantano.com\\\/fr\\\/\"},{\"@type\":\"ListItem\",\"position\":2,\"name\":\"Applications de lecture en marque blanche\"}]},{\"@type\":\"WebSite\",\"@id\":\"https:\\\/\\\/mantano.com\\\/#website\",\"url\":\"https:\\\/\\\/mantano.com\\\/\",\"name\":\"Holiwave\",\"description\":\"\",\"publisher\":{\"@id\":\"https:\\\/\\\/mantano.com\\\/#organization\"},\"potentialAction\":[{\"@type\":\"SearchAction\",\"target\":{\"@type\":\"EntryPoint\",\"urlTemplate\":\"https:\\\/\\\/mantano.com\\\/?s={search_term_string}\"},\"query-input\":{\"@type\":\"PropertyValueSpecification\",\"valueRequired\":true,\"valueName\":\"search_term_string\"}}],\"inLanguage\":\"fr-FR\"},{\"@type\":\"Organization\",\"@id\":\"https:\\\/\\\/mantano.com\\\/#organization\",\"name\":\"Mantano\",\"url\":\"https:\\\/\\\/mantano.com\\\/\",\"logo\":{\"@type\":\"ImageObject\",\"inLanguage\":\"fr-FR\",\"@id\":\"https:\\\/\\\/mantano.com\\\/#\\\/schema\\\/logo\\\/image\\\/\",\"url\":\"https:\\\/\\\/mantano.com\\\/wp-content\\\/uploads\\\/2019\\\/04\\\/logo_fnoir_hd.png\",\"contentUrl\":\"https:\\\/\\\/mantano.com\\\/wp-content\\\/uploads\\\/2019\\\/04\\\/logo_fnoir_hd.png\",\"width\":2480,\"height\":1292,\"caption\":\"Mantano\"},\"image\":{\"@id\":\"https:\\\/\\\/mantano.com\\\/#\\\/schema\\\/logo\\\/image\\\/\"},\"sameAs\":[\"https:\\\/\\\/www.facebook.com\\\/mantanoresearch\"]}]}<\/script>\n<!-- \/ Yoast SEO plugin. -->","yoast_head_json":{"title":"Mantano | Experts en D\u00e9veloppement d'Applications Mobiles Fushia OS, Android, iOS","robots":{"index":"index","follow":"follow","max-snippet":"max-snippet:-1","max-image-preview":"max-image-preview:large","max-video-preview":"max-video-preview:-1"},"canonical":"https:\/\/mantano.com\/fr\/whitelabel-reading-applications\/","twitter_misc":{"Dur\u00e9e de lecture estim\u00e9e":"1 minute"},"schema":{"@context":"https:\/\/schema.org","@graph":[{"@type":"WebPage","@id":"https:\/\/mantano.com\/fr\/whitelabel-reading-applications\/","url":"https:\/\/mantano.com\/fr\/whitelabel-reading-applications\/","name":"Mantano | Experts en D\u00e9veloppement d'Applications Mobiles Fushia OS, Android, iOS","isPartOf":{"@id":"https:\/\/mantano.com\/#website"},"datePublished":"2018-04-24T11:38:46+00:00","dateModified":"2018-04-30T13:15:16+00:00","breadcrumb":{"@id":"https:\/\/mantano.com\/fr\/whitelabel-reading-applications\/#breadcrumb"},"inLanguage":"fr-FR","potentialAction":[{"@type":"ReadAction","target":["https:\/\/mantano.com\/fr\/whitelabel-reading-applications\/"]}]},{"@type":"BreadcrumbList","@id":"https:\/\/mantano.com\/fr\/whitelabel-reading-applications\/#breadcrumb","itemListElement":[{"@type":"ListItem","position":1,"name":"Home","item":"https:\/\/mantano.com\/fr\/"},{"@type":"ListItem","position":2,"name":"Applications de lecture en marque blanche"}]},{"@type":"WebSite","@id":"https:\/\/mantano.com\/#website","url":"https:\/\/mantano.com\/","name":"Holiwave","description":"","publisher":{"@id":"https:\/\/mantano.com\/#organization"},"potentialAction":[{"@type":"SearchAction","target":{"@type":"EntryPoint","urlTemplate":"https:\/\/mantano.com\/?s={search_term_string}"},"query-input":{"@type":"PropertyValueSpecification","valueRequired":true,"valueName":"search_term_string"}}],"inLanguage":"fr-FR"},{"@type":"Organization","@id":"https:\/\/mantano.com\/#organization","name":"Mantano","url":"https:\/\/mantano.com\/","logo":{"@type":"ImageObject","inLanguage":"fr-FR","@id":"https:\/\/mantano.com\/#\/schema\/logo\/image\/","url":"https:\/\/mantano.com\/wp-content\/uploads\/2019\/04\/logo_fnoir_hd.png","contentUrl":"https:\/\/mantano.com\/wp-content\/uploads\/2019\/04\/logo_fnoir_hd.png","width":2480,"height":1292,"caption":"Mantano"},"image":{"@id":"https:\/\/mantano.com\/#\/schema\/logo\/image\/"},"sameAs":["https:\/\/www.facebook.com\/mantanoresearch"]}]}},"_links":{"self":[{"href":"https:\/\/mantano.com\/fr\/wp-json\/wp\/v2\/pages\/7812","targetHints":{"allow":["GET"]}}],"collection":[{"href":"https:\/\/mantano.com\/fr\/wp-json\/wp\/v2\/pages"}],"about":[{"href":"https:\/\/mantano.com\/fr\/wp-json\/wp\/v2\/types\/page"}],"author":[{"embeddable":true,"href":"https:\/\/mantano.com\/fr\/wp-json\/wp\/v2\/users\/3"}],"replies":[{"embeddable":true,"href":"https:\/\/mantano.com\/fr\/wp-json\/wp\/v2\/comments?post=7812"}],"version-history":[{"count":7,"href":"https:\/\/mantano.com\/fr\/wp-json\/wp\/v2\/pages\/7812\/revisions"}],"predecessor-version":[{"id":7901,"href":"https:\/\/mantano.com\/fr\/wp-json\/wp\/v2\/pages\/7812\/revisions\/7901"}],"wp:attachment":[{"href":"https:\/\/mantano.com\/fr\/wp-json\/wp\/v2\/media?parent=7812"}],"curies":[{"name":"wp","href":"https:\/\/api.w.org\/{rel}","templated":true}]}}